{"id":530,"date":"2024-05-01T13:05:47","date_gmt":"2024-05-01T11:05:47","guid":{"rendered":"https:\/\/premiumdachbau.de\/?page_id=530"},"modified":"2024-05-08T11:28:52","modified_gmt":"2024-05-08T09:28:52","slug":"elementor-530","status":"publish","type":"page","link":"https:\/\/premiumdachbau.de\/index.php\/elementor-530\/","title":{"rendered":"Unsere Partner"},"content":{"rendered":"\t\t<div data-elementor-type=\"wp-page\" data-elementor-id=\"530\" class=\"elementor elementor-530\">\n\t\t\t\t\t\t<section class=\"elementor-section elementor-top-section elementor-element elementor-element-73984ec elementor-section-boxed elementor-section-height-default elementor-section-height-default\" data-id=\"73984ec\" data-element_type=\"section\" data-e-type=\"section\">\n\t\t\t\t\t\t<div class=\"elementor-container elementor-column-gap-default\">\n\t\t\t\t\t<div class=\"elementor-column elementor-col-100 elementor-top-column elementor-element elementor-element-2bd2f66\" data-id=\"2bd2f66\" data-element_type=\"column\" data-e-type=\"column\">\n\t\t\t<div class=\"elementor-widget-wrap elementor-element-populated\">\n\t\t\t\t\t\t<div class=\"elementor-element elementor-element-baa1dce elementor-widget elementor-widget-heading\" data-id=\"baa1dce\" data-element_type=\"widget\" data-e-type=\"widget\" data-widget_type=\"heading.default\">\n\t\t\t\t<div class=\"elementor-widget-container\">\n\t\t\t\t\t<h2 class=\"elementor-heading-title elementor-size-default\">Unsere Partner<\/h2>\t\t\t\t<\/div>\n\t\t\t\t<\/div>\n\t\t\t\t\t<\/div>\n\t\t<\/div>\n\t\t\t\t\t<\/div>\n\t\t<\/section>\n\t\t\t\t<section class=\"elementor-section elementor-top-section elementor-element elementor-element-2862add elementor-section-boxed elementor-section-height-default elementor-section-height-default\" data-id=\"2862add\" data-element_type=\"section\" data-e-type=\"section\">\n\t\t\t\t\t\t<div class=\"elementor-container elementor-column-gap-default\">\n\t\t\t\t\t<div class=\"elementor-column elementor-col-100 elementor-top-column elementor-element elementor-element-3351314\" data-id=\"3351314\" data-element_type=\"column\" data-e-type=\"column\">\n\t\t\t<div class=\"elementor-widget-wrap elementor-element-populated\">\n\t\t\t\t\t\t<div class=\"elementor-element elementor-element-5eee7eb elementor-widget elementor-widget-text-editor\" data-id=\"5eee7eb\" data-element_type=\"widget\" data-e-type=\"widget\" data-widget_type=\"text-editor.default\">\n\t\t\t\t<div class=\"elementor-widget-container\">\n\t\t\t\t\t\t\t\t\t<p>Bei <strong>Premiumdachbau GbR<\/strong> sind wir stolz auf die Zusammenarbeit mit f\u00fchrenden Unternehmen und Organisationen in der Dachdeckerei- und Baubranche. Gemeinsam setzen wir uns f\u00fcr h\u00f6chste Qualit\u00e4t und Kundenzufriedenheit ein. Hier finden Sie eine Liste unserer vertrauensvollen Partner:<\/p>\t\t\t\t\t\t\t\t<\/div>\n\t\t\t\t<\/div>\n\t\t\t\t\t<\/div>\n\t\t<\/div>\n\t\t\t\t\t<\/div>\n\t\t<\/section>\n\t\t\t\t<section class=\"elementor-section elementor-top-section elementor-element elementor-element-064012e elementor-section-boxed elementor-section-height-default elementor-section-height-default\" data-id=\"064012e\" data-element_type=\"section\" data-e-type=\"section\">\n\t\t\t\t\t\t<div class=\"elementor-container elementor-column-gap-default\">\n\t\t\t\t\t<div class=\"elementor-column elementor-col-33 elementor-top-column elementor-element elementor-element-e7dd452\" data-id=\"e7dd452\" data-element_type=\"column\" data-e-type=\"column\">\n\t\t\t<div class=\"elementor-widget-wrap elementor-element-populated\">\n\t\t\t\t\t\t<div class=\"elementor-element elementor-element-715d529 elementor-widget elementor-widget-image\" data-id=\"715d529\" data-element_type=\"widget\" data-e-type=\"widget\" data-widget_type=\"image.default\">\n\t\t\t\t<div class=\"elementor-widget-container\">\n\t\t\t\t\t\t\t\t\t\t\t\t\t\t\t<img decoding=\"async\" width=\"300\" height=\"99\" src=\"https:\/\/premiumdachbau.de\/wp-content\/uploads\/2024\/05\/velux-300x99.jpg\" class=\"attachment-medium size-medium wp-image-546\" alt=\"\" srcset=\"https:\/\/premiumdachbau.de\/wp-content\/uploads\/2024\/05\/velux-300x99.jpg 300w, https:\/\/premiumdachbau.de\/wp-content\/uploads\/2024\/05\/velux-1024x339.jpg 1024w, https:\/\/premiumdachbau.de\/wp-content\/uploads\/2024\/05\/velux-768x254.jpg 768w, https:\/\/premiumdachbau.de\/wp-content\/uploads\/2024\/05\/velux.jpg 1151w\" sizes=\"(max-width: 300px) 100vw, 300px\" \/>\t\t\t\t\t\t\t\t\t\t\t\t\t\t\t<\/div>\n\t\t\t\t<\/div>\n\t\t\t\t\t<\/div>\n\t\t<\/div>\n\t\t\t\t<div class=\"elementor-column elementor-col-33 elementor-top-column elementor-element elementor-element-51ee87a\" data-id=\"51ee87a\" data-element_type=\"column\" data-e-type=\"column\">\n\t\t\t<div class=\"elementor-widget-wrap elementor-element-populated\">\n\t\t\t\t\t\t<div class=\"elementor-element elementor-element-d5e0e22 elementor-widget elementor-widget-image\" data-id=\"d5e0e22\" data-element_type=\"widget\" data-e-type=\"widget\" data-widget_type=\"image.default\">\n\t\t\t\t<div class=\"elementor-widget-container\">\n\t\t\t\t\t\t\t\t\t\t\t\t\t\t\t<img fetchpriority=\"high\" decoding=\"async\" width=\"1024\" height=\"159\" src=\"https:\/\/premiumdachbau.de\/wp-content\/uploads\/2024\/05\/tsenergy.jpg\" class=\"attachment-large size-large wp-image-545\" alt=\"\" srcset=\"https:\/\/premiumdachbau.de\/wp-content\/uploads\/2024\/05\/tsenergy.jpg 1024w, https:\/\/premiumdachbau.de\/wp-content\/uploads\/2024\/05\/tsenergy-300x47.jpg 300w, https:\/\/premiumdachbau.de\/wp-content\/uploads\/2024\/05\/tsenergy-768x119.jpg 768w\" sizes=\"(max-width: 1024px) 100vw, 1024px\" \/>\t\t\t\t\t\t\t\t\t\t\t\t\t\t\t<\/div>\n\t\t\t\t<\/div>\n\t\t\t\t\t<\/div>\n\t\t<\/div>\n\t\t\t\t<div class=\"elementor-column elementor-col-33 elementor-top-column elementor-element elementor-element-bdb2327\" data-id=\"bdb2327\" data-element_type=\"column\" data-e-type=\"column\">\n\t\t\t<div class=\"elementor-widget-wrap elementor-element-populated\">\n\t\t\t\t\t\t<div class=\"elementor-element elementor-element-04e0a25 elementor-widget elementor-widget-image\" data-id=\"04e0a25\" data-element_type=\"widget\" data-e-type=\"widget\" data-widget_type=\"image.default\">\n\t\t\t\t<div class=\"elementor-widget-container\">\n\t\t\t\t\t\t\t\t\t\t\t\t\t\t\t<img decoding=\"async\" width=\"258\" height=\"300\" src=\"https:\/\/premiumdachbau.de\/wp-content\/uploads\/2024\/05\/rheinzink-258x300.jpg\" class=\"attachment-medium size-medium wp-image-544\" alt=\"\" srcset=\"https:\/\/premiumdachbau.de\/wp-content\/uploads\/2024\/05\/rheinzink-258x300.jpg 258w, https:\/\/premiumdachbau.de\/wp-content\/uploads\/2024\/05\/rheinzink.jpg 541w\" sizes=\"(max-width: 258px) 100vw, 258px\" \/>\t\t\t\t\t\t\t\t\t\t\t\t\t\t\t<\/div>\n\t\t\t\t<\/div>\n\t\t\t\t\t<\/div>\n\t\t<\/div>\n\t\t\t\t\t<\/div>\n\t\t<\/section>\n\t\t\t\t<section class=\"elementor-section elementor-top-section elementor-element elementor-element-2993548 elementor-section-boxed elementor-section-height-default elementor-section-height-default\" data-id=\"2993548\" data-element_type=\"section\" data-e-type=\"section\">\n\t\t\t\t\t\t<div class=\"elementor-container elementor-column-gap-default\">\n\t\t\t\t\t<div class=\"elementor-column elementor-col-33 elementor-top-column elementor-element elementor-element-0e34fac\" data-id=\"0e34fac\" data-element_type=\"column\" data-e-type=\"column\">\n\t\t\t<div class=\"elementor-widget-wrap elementor-element-populated\">\n\t\t\t\t\t\t<div class=\"elementor-element elementor-element-5dca563 elementor-widget elementor-widget-image\" data-id=\"5dca563\" data-element_type=\"widget\" data-e-type=\"widget\" data-widget_type=\"image.default\">\n\t\t\t\t<div class=\"elementor-widget-container\">\n\t\t\t\t\t\t\t\t\t\t\t\t\t\t\t<img loading=\"lazy\" decoding=\"async\" width=\"297\" height=\"300\" src=\"https:\/\/premiumdachbau.de\/wp-content\/uploads\/2024\/05\/prefa-297x300.jpg\" class=\"attachment-medium size-medium wp-image-543\" alt=\"\" srcset=\"https:\/\/premiumdachbau.de\/wp-content\/uploads\/2024\/05\/prefa-297x300.jpg 297w, https:\/\/premiumdachbau.de\/wp-content\/uploads\/2024\/05\/prefa-768x775.jpg 768w, https:\/\/premiumdachbau.de\/wp-content\/uploads\/2024\/05\/prefa.jpg 852w\" sizes=\"(max-width: 297px) 100vw, 297px\" \/>\t\t\t\t\t\t\t\t\t\t\t\t\t\t\t<\/div>\n\t\t\t\t<\/div>\n\t\t\t\t\t<\/div>\n\t\t<\/div>\n\t\t\t\t<div class=\"elementor-column elementor-col-33 elementor-top-column elementor-element elementor-element-66b9fdd\" data-id=\"66b9fdd\" data-element_type=\"column\" data-e-type=\"column\">\n\t\t\t<div class=\"elementor-widget-wrap elementor-element-populated\">\n\t\t\t\t\t\t<div class=\"elementor-element elementor-element-be82c46 elementor-widget elementor-widget-image\" data-id=\"be82c46\" data-element_type=\"widget\" data-e-type=\"widget\" data-widget_type=\"image.default\">\n\t\t\t\t<div class=\"elementor-widget-container\">\n\t\t\t\t\t\t\t\t\t\t\t\t\t\t\t<img loading=\"lazy\" decoding=\"async\" width=\"407\" height=\"92\" src=\"https:\/\/premiumdachbau.de\/wp-content\/uploads\/2024\/05\/nelskamp-1.png\" class=\"attachment-large size-large wp-image-542\" alt=\"\" srcset=\"https:\/\/premiumdachbau.de\/wp-content\/uploads\/2024\/05\/nelskamp-1.png 407w, https:\/\/premiumdachbau.de\/wp-content\/uploads\/2024\/05\/nelskamp-1-300x68.png 300w\" sizes=\"(max-width: 407px) 100vw, 407px\" \/>\t\t\t\t\t\t\t\t\t\t\t\t\t\t\t<\/div>\n\t\t\t\t<\/div>\n\t\t\t\t\t<\/div>\n\t\t<\/div>\n\t\t\t\t<div class=\"elementor-column elementor-col-33 elementor-top-column elementor-element elementor-element-1450f66\" data-id=\"1450f66\" data-element_type=\"column\" data-e-type=\"column\">\n\t\t\t<div class=\"elementor-widget-wrap elementor-element-populated\">\n\t\t\t\t\t\t<div class=\"elementor-element elementor-element-bc933c5 elementor-widget elementor-widget-image\" data-id=\"bc933c5\" data-element_type=\"widget\" data-e-type=\"widget\" data-widget_type=\"image.default\">\n\t\t\t\t<div class=\"elementor-widget-container\">\n\t\t\t\t\t\t\t\t\t\t\t\t\t\t\t<img loading=\"lazy\" decoding=\"async\" width=\"590\" height=\"277\" src=\"https:\/\/premiumdachbau.de\/wp-content\/uploads\/2024\/05\/kemper-1.png\" class=\"attachment-large size-large wp-image-541\" alt=\"\" srcset=\"https:\/\/premiumdachbau.de\/wp-content\/uploads\/2024\/05\/kemper-1.png 590w, https:\/\/premiumdachbau.de\/wp-content\/uploads\/2024\/05\/kemper-1-300x141.png 300w\" sizes=\"(max-width: 590px) 100vw, 590px\" \/>\t\t\t\t\t\t\t\t\t\t\t\t\t\t\t<\/div>\n\t\t\t\t<\/div>\n\t\t\t\t\t<\/div>\n\t\t<\/div>\n\t\t\t\t\t<\/div>\n\t\t<\/section>\n\t\t\t\t<section class=\"elementor-section elementor-top-section elementor-element elementor-element-06a3b5c elementor-section-boxed elementor-section-height-default elementor-section-height-default\" data-id=\"06a3b5c\" data-element_type=\"section\" data-e-type=\"section\">\n\t\t\t\t\t\t<div class=\"elementor-container elementor-column-gap-default\">\n\t\t\t\t\t<div class=\"elementor-column elementor-col-33 elementor-top-column elementor-element elementor-element-d77325a\" data-id=\"d77325a\" data-element_type=\"column\" data-e-type=\"column\">\n\t\t\t<div class=\"elementor-widget-wrap elementor-element-populated\">\n\t\t\t\t\t\t<div class=\"elementor-element elementor-element-72a9373 elementor-widget elementor-widget-image\" data-id=\"72a9373\" data-element_type=\"widget\" data-e-type=\"widget\" data-widget_type=\"image.default\">\n\t\t\t\t<div class=\"elementor-widget-container\">\n\t\t\t\t\t\t\t\t\t\t\t\t\t\t\t<img loading=\"lazy\" decoding=\"async\" width=\"300\" height=\"225\" src=\"https:\/\/premiumdachbau.de\/wp-content\/uploads\/2024\/05\/PHOTO-2024-05-03-12-08-22-1-300x225.jpg\" class=\"attachment-medium size-medium wp-image-552\" alt=\"\" srcset=\"https:\/\/premiumdachbau.de\/wp-content\/uploads\/2024\/05\/PHOTO-2024-05-03-12-08-22-1-300x225.jpg 300w, https:\/\/premiumdachbau.de\/wp-content\/uploads\/2024\/05\/PHOTO-2024-05-03-12-08-22-1-1024x768.jpg 1024w, https:\/\/premiumdachbau.de\/wp-content\/uploads\/2024\/05\/PHOTO-2024-05-03-12-08-22-1-768x576.jpg 768w, https:\/\/premiumdachbau.de\/wp-content\/uploads\/2024\/05\/PHOTO-2024-05-03-12-08-22-1-1536x1152.jpg 1536w, https:\/\/premiumdachbau.de\/wp-content\/uploads\/2024\/05\/PHOTO-2024-05-03-12-08-22-1.jpg 1600w\" sizes=\"(max-width: 300px) 100vw, 300px\" \/>\t\t\t\t\t\t\t\t\t\t\t\t\t\t\t<\/div>\n\t\t\t\t<\/div>\n\t\t\t\t\t<\/div>\n\t\t<\/div>\n\t\t\t\t<div class=\"elementor-column elementor-col-33 elementor-top-column elementor-element elementor-element-6d44579\" data-id=\"6d44579\" data-element_type=\"column\" data-e-type=\"column\">\n\t\t\t<div class=\"elementor-widget-wrap elementor-element-populated\">\n\t\t\t\t\t\t<div class=\"elementor-element elementor-element-b5cf3c8 elementor-widget elementor-widget-image\" data-id=\"b5cf3c8\" data-element_type=\"widget\" data-e-type=\"widget\" data-widget_type=\"image.default\">\n\t\t\t\t<div class=\"elementor-widget-container\">\n\t\t\t\t\t\t\t\t\t\t\t\t\t\t\t<img loading=\"lazy\" decoding=\"async\" width=\"197\" height=\"81\" src=\"https:\/\/premiumdachbau.de\/wp-content\/uploads\/2024\/05\/bauder.png\" class=\"attachment-large size-large wp-image-537\" alt=\"\" \/>\t\t\t\t\t\t\t\t\t\t\t\t\t\t\t<\/div>\n\t\t\t\t<\/div>\n\t\t\t\t\t<\/div>\n\t\t<\/div>\n\t\t\t\t<div class=\"elementor-column elementor-col-33 elementor-top-column elementor-element elementor-element-f356822\" data-id=\"f356822\" data-element_type=\"column\" data-e-type=\"column\">\n\t\t\t<div class=\"elementor-widget-wrap elementor-element-populated\">\n\t\t\t\t\t\t<div class=\"elementor-element elementor-element-87844ae elementor-widget elementor-widget-image\" data-id=\"87844ae\" data-element_type=\"widget\" data-e-type=\"widget\" data-widget_type=\"image.default\">\n\t\t\t\t<div class=\"elementor-widget-container\">\n\t\t\t\t\t\t\t\t\t\t\t\t\t\t\t<img loading=\"lazy\" decoding=\"async\" width=\"1024\" height=\"473\" src=\"https:\/\/premiumdachbau.de\/wp-content\/uploads\/2024\/05\/Bildschirmfoto-2024-05-08-um-11.26.17-1024x473.png\" class=\"attachment-large size-large wp-image-574\" alt=\"\" srcset=\"https:\/\/premiumdachbau.de\/wp-content\/uploads\/2024\/05\/Bildschirmfoto-2024-05-08-um-11.26.17-1024x473.png 1024w, https:\/\/premiumdachbau.de\/wp-content\/uploads\/2024\/05\/Bildschirmfoto-2024-05-08-um-11.26.17-300x139.png 300w, https:\/\/premiumdachbau.de\/wp-content\/uploads\/2024\/05\/Bildschirmfoto-2024-05-08-um-11.26.17-768x355.png 768w, https:\/\/premiumdachbau.de\/wp-content\/uploads\/2024\/05\/Bildschirmfoto-2024-05-08-um-11.26.17.png 1142w\" sizes=\"(max-width: 1024px) 100vw, 1024px\" \/>\t\t\t\t\t\t\t\t\t\t\t\t\t\t\t<\/div>\n\t\t\t\t<\/div>\n\t\t\t\t\t<\/div>\n\t\t<\/div>\n\t\t\t\t\t<\/div>\n\t\t<\/section>\n\t\t\t\t<\/div>\n\t\t","protected":false},"excerpt":{"rendered":"<p>Unsere Partner Bei Premiumdachbau GbR sind wir stolz auf die Zusammenarbeit mit f\u00fchrenden Unternehmen und Organisationen in der Dachdeckerei- und Baubranche. Gemeinsam setzen wir uns f\u00fcr h\u00f6chste Qualit\u00e4t und Kundenzufriedenheit ein. Hier finden Sie eine Liste unserer vertrauensvollen Partner:<\/p>\n","protected":false},"author":1,"featured_media":0,"parent":0,"menu_order":0,"comment_status":"closed","ping_status":"closed","template":"","meta":{"om_disable_all_campaigns":false,"_monsterinsights_skip_tracking":false,"_monsterinsights_sitenote_active":false,"_monsterinsights_sitenote_note":"","_monsterinsights_sitenote_category":0,"site-sidebar-layout":"no-sidebar","site-content-layout":"page-builder","ast-site-content-layout":"full-width-container","site-content-style":"default","site-sidebar-style":"default","ast-global-header-display":"","ast-banner-title-visibility":"","ast-main-header-display":"","ast-hfb-above-header-display":"","ast-hfb-below-header-display":"","ast-hfb-mobile-header-display":"","site-post-title":"disabled","ast-breadcrumbs-content":"","ast-featured-img":"disabled","footer-sml-layout":"","ast-disable-related-posts":"","theme-transparent-header-meta":"","adv-header-id-meta":"","stick-header-meta":"","header-above-stick-meta":"","header-main-stick-meta":"","header-below-stick-meta":"","astra-migrate-meta-layouts":"set","ast-page-background-enabled":"default","ast-page-background-meta":{"desktop":{"background-color":"var(--ast-global-color-4)","background-image":"","background-repeat":"repeat","background-position":"center center","background-size":"auto","background-attachment":"scroll","background-type":"","background-media":"","overlay-type":"","overlay-color":"","overlay-opacity":"","overlay-gradient":""},"tablet":{"background-color":"","background-image":"","background-repeat":"repeat","background-position":"center center","background-size":"auto","background-attachment":"scroll","background-type":"","background-media":"","overlay-type":"","overlay-color":"","overlay-opacity":"","overlay-gradient":""},"mobile":{"background-color":"","background-image":"","background-repeat":"repeat","background-position":"center center","background-size":"auto","background-attachment":"scroll","background-type":"","background-media":"","overlay-type":"","overlay-color":"","overlay-opacity":"","overlay-gradient":""}},"ast-content-background-meta":{"desktop":{"background-color":"var(--ast-global-color-5)","background-image":"","background-repeat":"repeat","background-position":"center center","background-size":"auto","background-attachment":"scroll","background-type":"","background-media":"","overlay-type":"","overlay-color":"","overlay-opacity":"","overlay-gradient":""},"tablet":{"background-color":"var(--ast-global-color-5)","background-image":"","background-repeat":"repeat","background-position":"center center","background-size":"auto","background-attachment":"scroll","background-type":"","background-media":"","overlay-type":"","overlay-color":"","overlay-opacity":"","overlay-gradient":""},"mobile":{"background-color":"var(--ast-global-color-5)","background-image":"","background-repeat":"repeat","background-position":"center center","background-size":"auto","background-attachment":"scroll","background-type":"","background-media":"","overlay-type":"","overlay-color":"","overlay-opacity":"","overlay-gradient":""}},"footnotes":""},"class_list":["post-530","page","type-page","status-publish","hentry"],"aioseo_notices":[],"_links":{"self":[{"href":"https:\/\/premiumdachbau.de\/index.php\/wp-json\/wp\/v2\/pages\/530","targetHints":{"allow":["GET"]}}],"collection":[{"href":"https:\/\/premiumdachbau.de\/index.php\/wp-json\/wp\/v2\/pages"}],"about":[{"href":"https:\/\/premiumdachbau.de\/index.php\/wp-json\/wp\/v2\/types\/page"}],"author":[{"embeddable":true,"href":"https:\/\/premiumdachbau.de\/index.php\/wp-json\/wp\/v2\/users\/1"}],"replies":[{"embeddable":true,"href":"https:\/\/premiumdachbau.de\/index.php\/wp-json\/wp\/v2\/comments?post=530"}],"version-history":[{"count":17,"href":"https:\/\/premiumdachbau.de\/index.php\/wp-json\/wp\/v2\/pages\/530\/revisions"}],"predecessor-version":[{"id":577,"href":"https:\/\/premiumdachbau.de\/index.php\/wp-json\/wp\/v2\/pages\/530\/revisions\/577"}],"wp:attachment":[{"href":"https:\/\/premiumdachbau.de\/index.php\/wp-json\/wp\/v2\/media?parent=530"}],"curies":[{"name":"wp","href":"https:\/\/api.w.org\/{rel}","templated":true}]}}